{"id":80,"date":"2022-03-28T11:18:04","date_gmt":"2022-03-28T14:18:04","guid":{"rendered":"https:\/\/regentetelhas.com.br\/site\/?page_id=80"},"modified":"2022-06-20T13:48:31","modified_gmt":"2022-06-20T16:48:31","slug":"telha-forro","status":"publish","type":"page","link":"https:\/\/regentetelhas.com.br\/site\/telha-forro\/","title":{"rendered":"Telha Forro"},"content":{"rendered":"<p>[et_pb_section fb_built=&#8221;1&#8243; _builder_version=&#8221;4.9.4&#8243; _module_preset=&#8221;default&#8221;][et_pb_row use_custom_gutter=&#8221;on&#8221; gutter_width=&#8221;1&#8243; make_equal=&#8221;on&#8221; _builder_version=&#8221;4.9.4&#8243; _module_preset=&#8221;default&#8221; width=&#8221;100%&#8221; max_width=&#8221;1500px&#8221;][et_pb_column type=&#8221;4_4&#8243; _builder_version=&#8221;4.9.4&#8243; _module_preset=&#8221;default&#8221;][et_pb_image src=&#8221;https:\/\/regentetelhas.com.br\/site\/wp-content\/uploads\/2022\/03\/telha-forro02.png&#8221; title_text=&#8221;telha forro02&#8243; force_fullwidth=&#8221;on&#8221; _builder_version=&#8221;4.9.4&#8243; _module_preset=&#8221;default&#8221; min_height=&#8221;100%&#8221;][\/et_pb_image][\/et_pb_column][\/et_pb_row][et_pb_row _builder_version=&#8221;4.9.4&#8243; _module_preset=&#8221;default&#8221;][et_pb_column type=&#8221;4_4&#8243; _builder_version=&#8221;4.9.4&#8243; _module_preset=&#8221;default&#8221;][et_pb_text _builder_version=&#8221;4.9.4&#8243; _module_preset=&#8221;default&#8221; text_font_size=&#8221;18px&#8221;]<\/p>\n<p><strong>A Telha\u00a0Termoac\u00fastica Forro \u00e9 uma nova op\u00e7\u00e3o para o seu projeto. Tamb\u00e9m chamada de telha sandu\u00edche, a cobertura re\u00fane propriedades que isolam a temperatura e o som.<\/strong><\/p>\n<p><strong>&#8211; Excelente visual de acabamento na cor natural e branca.<\/strong><\/p>\n<p><strong>&#8211; Isolamento t\u00e9rmico e ac\u00fastico de alta performance.<\/strong><\/p>\n<p><strong>&#8211; Custo benef\u00edcio rent\u00e1vel.<\/strong><\/p>\n<p><strong>&#8211; Dispensa sistemas de forra\u00e7\u00e3o ( Gesso, PVC ou madeira).<\/strong><\/p>\n<p><strong>As Telhas ForroTermoac\u00fasticas s\u00e3o ideais para projetos que exigem acabamento com isolamento t\u00e9rmico e ac\u00fastico que minimizam gastos com energia, refrigera\u00e7\u00e3o e controle de emiss\u00f5es sonoras externas. Composta por duas telhas de a\u00e7o formando um &#8220;sanduiche&#8221; com o n\u00facleo em EPS (isopor).<\/strong><\/p>\n<p><strong>Telhas termoac\u00fastica se popularizou recentemente no mercado e conquista cada vez mais espa\u00e7o pela praticidade de instala\u00e7\u00e3o e pelo seu custo x benef\u00edcio.<\/strong><\/p>\n<p>[\/et_pb_text][\/et_pb_column][\/et_pb_row][\/et_pb_section][et_pb_section fb_built=&#8221;1&#8243; _builder_version=&#8221;4.9.4&#8243; _module_preset=&#8221;default&#8221;][et_pb_row column_structure=&#8221;1_3,1_3,1_3&#8243; _builder_version=&#8221;4.9.4&#8243; _module_preset=&#8221;default&#8221;][et_pb_column type=&#8221;1_3&#8243; _builder_version=&#8221;4.9.4&#8243; _module_preset=&#8221;default&#8221;][et_pb_image src=&#8221;https:\/\/regentetelhas.com.br\/site\/wp-content\/uploads\/2022\/03\/folha-forro01.png&#8221; title_text=&#8221;folha forro01&#8243; _builder_version=&#8221;4.9.4&#8243; _module_preset=&#8221;default&#8221;][\/et_pb_image][et_pb_image src=&#8221;https:\/\/regentetelhas.com.br\/site\/wp-content\/uploads\/2022\/06\/WhatsApp-Image-2022-06-20-at-10.01.50-1.jpeg&#8221; title_text=&#8221;WhatsApp Image 2022-06-20 at 10.01.50 (1)&#8221; _builder_version=&#8221;4.9.4&#8243; _module_preset=&#8221;default&#8221; hover_enabled=&#8221;0&#8243; sticky_enabled=&#8221;0&#8243;][\/et_pb_image][\/et_pb_column][et_pb_column type=&#8221;1_3&#8243; _builder_version=&#8221;4.9.4&#8243; _module_preset=&#8221;default&#8221;][et_pb_image src=&#8221;https:\/\/regentetelhas.com.br\/site\/wp-content\/uploads\/2022\/03\/folha-forro02.png&#8221; title_text=&#8221;folha forro02&#8243; _builder_version=&#8221;4.9.4&#8243; _module_preset=&#8221;default&#8221; hover_enabled=&#8221;0&#8243; sticky_enabled=&#8221;0&#8243;][\/et_pb_image][et_pb_image src=&#8221;https:\/\/regentetelhas.com.br\/site\/wp-content\/uploads\/2022\/06\/WhatsApp-Image-2022-06-20-at-10.01.50.jpeg&#8221; title_text=&#8221;WhatsApp Image 2022-06-20 at 10.01.50&#8243; _builder_version=&#8221;4.9.4&#8243; _module_preset=&#8221;default&#8221; hover_enabled=&#8221;0&#8243; sticky_enabled=&#8221;0&#8243;][\/et_pb_image][\/et_pb_column][et_pb_column type=&#8221;1_3&#8243; _builder_version=&#8221;4.9.4&#8243; _module_preset=&#8221;default&#8221;][et_pb_image src=&#8221;https:\/\/regentetelhas.com.br\/site\/wp-content\/uploads\/2022\/03\/folha-forro03.png&#8221; title_text=&#8221;folha forro03&#8243; _builder_version=&#8221;4.9.4&#8243; _module_preset=&#8221;default&#8221;][\/et_pb_image][\/et_pb_column][\/et_pb_row][\/et_pb_section][et_pb_section fb_built=&#8221;1&#8243; _builder_version=&#8221;4.9.4&#8243; _module_preset=&#8221;default&#8221;][et_pb_row _builder_version=&#8221;4.9.4&#8243; _module_preset=&#8221;default&#8221;][et_pb_column type=&#8221;4_4&#8243; _builder_version=&#8221;4.9.4&#8243; _module_preset=&#8221;default&#8221;][et_pb_image src=&#8221;https:\/\/regentetelhas.com.br\/site\/wp-content\/uploads\/2022\/03\/cartoes3.png&#8221; title_text=&#8221;cartoes3&#8243; _builder_version=&#8221;4.9.4&#8243; _module_preset=&#8221;default&#8221;][\/et_pb_image][\/et_pb_column][\/et_pb_row][\/et_pb_section]<\/p>\n","protected":false},"excerpt":{"rendered":"<p>A Telha\u00a0Termoac\u00fastica Forro \u00e9 uma nova op\u00e7\u00e3o para o seu projeto. Tamb\u00e9m chamada de telha sandu\u00edche, a cobertura re\u00fane propriedades que isolam a temperatura e o som. &#8211; Excelente visual de acabamento na cor natural e branca. &#8211; Isolamento t\u00e9rmico e ac\u00fastico de alta performance. &#8211; Custo benef\u00edcio rent\u00e1vel. &#8211; Dispensa sistemas de forra\u00e7\u00e3o ( [&hellip;]<\/p>\n","protected":false},"author":1,"featured_media":0,"parent":0,"menu_order":0,"comment_status":"closed","ping_status":"closed","template":"","meta":{"_et_pb_use_builder":"on","_et_pb_old_content":"","_et_gb_content_width":""},"_links":{"self":[{"href":"https:\/\/regentetelhas.com.br\/site\/wp-json\/wp\/v2\/pages\/80"}],"collection":[{"href":"https:\/\/regentetelhas.com.br\/site\/wp-json\/wp\/v2\/pages"}],"about":[{"href":"https:\/\/regentetelhas.com.br\/site\/wp-json\/wp\/v2\/types\/page"}],"author":[{"embeddable":true,"href":"https:\/\/regentetelhas.com.br\/site\/wp-json\/wp\/v2\/users\/1"}],"replies":[{"embeddable":true,"href":"https:\/\/regentetelhas.com.br\/site\/wp-json\/wp\/v2\/comments?post=80"}],"version-history":[{"count":10,"href":"https:\/\/regentetelhas.com.br\/site\/wp-json\/wp\/v2\/pages\/80\/revisions"}],"predecessor-version":[{"id":287,"href":"https:\/\/regentetelhas.com.br\/site\/wp-json\/wp\/v2\/pages\/80\/revisions\/287"}],"wp:attachment":[{"href":"https:\/\/regentetelhas.com.br\/site\/wp-json\/wp\/v2\/media?parent=80"}],"curies":[{"name":"wp","href":"https:\/\/api.w.org\/{rel}","templated":true}]}}