{"id":69,"date":"2022-03-28T11:01:24","date_gmt":"2022-03-28T14:01:24","guid":{"rendered":"https:\/\/regentetelhas.com.br\/site\/?page_id=69"},"modified":"2022-03-29T10:13:15","modified_gmt":"2022-03-29T13:13:15","slug":"painel-termico","status":"publish","type":"page","link":"https:\/\/regentetelhas.com.br\/site\/painel-termico\/","title":{"rendered":"Painel T\u00e9rmico"},"content":{"rendered":"<p>[et_pb_section fb_built=&#8221;1&#8243; _builder_version=&#8221;4.9.4&#8243; _module_preset=&#8221;default&#8221;][et_pb_row use_custom_gutter=&#8221;on&#8221; gutter_width=&#8221;1&#8243; make_equal=&#8221;on&#8221; _builder_version=&#8221;4.9.4&#8243; _module_preset=&#8221;default&#8221; width=&#8221;100%&#8221; max_width=&#8221;1500px&#8221;][et_pb_column type=&#8221;4_4&#8243; _builder_version=&#8221;4.9.4&#8243; _module_preset=&#8221;default&#8221;][et_pb_image src=&#8221;https:\/\/regentetelhas.com.br\/site\/wp-content\/uploads\/2022\/03\/painel-termico.png&#8221; title_text=&#8221;painel termico&#8221; force_fullwidth=&#8221;on&#8221; _builder_version=&#8221;4.9.4&#8243; _module_preset=&#8221;default&#8221; min_height=&#8221;100%&#8221; height=&#8221;100%&#8221; max_height=&#8221;100%&#8221;][\/et_pb_image][\/et_pb_column][\/et_pb_row][et_pb_row _builder_version=&#8221;4.9.4&#8243; _module_preset=&#8221;default&#8221;][et_pb_column type=&#8221;4_4&#8243; _builder_version=&#8221;4.9.4&#8243; _module_preset=&#8221;default&#8221;][et_pb_text _builder_version=&#8221;4.9.4&#8243; _module_preset=&#8221;default&#8221; hover_enabled=&#8221;0&#8243; text_font_size=&#8221;18px&#8221; sticky_enabled=&#8221;0&#8243;]<\/p>\n<p><strong>Os pain\u00e9is termicos s\u00e3o desenvolvidos com revestimentos em a\u00e7o galvalume formado por duas chapas met\u00e1licas unidas por um n\u00facleo constituido por um material isolante. S\u00e3o fabricados de acordo com o projeto, evitando o desperd\u00edcio e permitindo uma montagem limpa e r\u00e1pida, oferecendo alto poder de isolamento t\u00e9rmico e excelente veda\u00e7\u00e3o.\u00a0<\/strong><\/p>\n<p><strong>VANTAGENS\u00a0<\/strong><\/p>\n<ul>\n<li><strong>Alta Capacidade de isolamento t\u00e9rmico dentro do ambiente<\/strong><\/li>\n<li><strong>Economia de energia no uso de equipamentos de ar condicionado<\/strong><\/li>\n<li><strong>Instala\u00e7\u00e3o R\u00e1pida e Simples<\/strong><\/li>\n<li><strong>Pain\u00e9is pr\u00e9-fabricados, sob medida<\/strong><\/li>\n<\/ul>\n<p><strong>APLICA\u00c7\u00d5ES<\/strong><\/p>\n<ul>\n<li><strong>Fachadas de Empresa<\/strong><\/li>\n<li><strong>C\u00e2maras Frigor\u00edficas<\/strong><\/li>\n<li><strong>Centros\u00a0de Distribui\u00e7\u00f5es<\/strong><\/li>\n<li><strong>Ind\u00fastrais de Alimentos e Bebidas<\/strong><\/li>\n<li><strong>Abatedouros<\/strong><\/li>\n<li><strong>Latic\u00ednios<\/strong><\/li>\n<li><strong>Divis\u00f3rias<\/strong><\/li>\n<li><strong>Supermercados<\/strong><\/li>\n<li><strong>Estufas<\/strong><\/li>\n<\/ul>\n<table>\n<tbody>\n<tr><\/tr>\n<\/tbody>\n<\/table>\n<p>[\/et_pb_text][\/et_pb_column][\/et_pb_row][et_pb_row column_structure=&#8221;1_2,1_2&#8243; _builder_version=&#8221;4.9.4&#8243; _module_preset=&#8221;default&#8221;][et_pb_column type=&#8221;1_2&#8243; _builder_version=&#8221;4.9.4&#8243; _module_preset=&#8221;default&#8221;][et_pb_image src=&#8221;https:\/\/regentetelhas.com.br\/site\/wp-content\/uploads\/2022\/03\/painel-branca-EPS-lado-v01.png&#8221; title_text=&#8221;painel branca EPS lado v01&#8243; _builder_version=&#8221;4.9.4&#8243; _module_preset=&#8221;default&#8221;][\/et_pb_image][\/et_pb_column][et_pb_column type=&#8221;1_2&#8243; _builder_version=&#8221;4.9.4&#8243; _module_preset=&#8221;default&#8221;][et_pb_image src=&#8221;https:\/\/regentetelhas.com.br\/site\/wp-content\/uploads\/2022\/03\/painel-02.png&#8221; title_text=&#8221;painel 02&#8243; _builder_version=&#8221;4.9.4&#8243; _module_preset=&#8221;default&#8221;][\/et_pb_image][\/et_pb_column][\/et_pb_row][\/et_pb_section][et_pb_section fb_built=&#8221;1&#8243; _builder_version=&#8221;4.9.4&#8243; _module_preset=&#8221;default&#8221;][et_pb_row _builder_version=&#8221;4.9.4&#8243; _module_preset=&#8221;default&#8221;][et_pb_column type=&#8221;4_4&#8243; _builder_version=&#8221;4.9.4&#8243; _module_preset=&#8221;default&#8221;][et_pb_image src=&#8221;https:\/\/regentetelhas.com.br\/site\/wp-content\/uploads\/2022\/03\/cartoes3.png&#8221; title_text=&#8221;cartoes3&#8243; _builder_version=&#8221;4.9.4&#8243; _module_preset=&#8221;default&#8221;][\/et_pb_image][\/et_pb_column][\/et_pb_row][\/et_pb_section]<\/p>\n","protected":false},"excerpt":{"rendered":"<p>Os pain\u00e9is termicos s\u00e3o desenvolvidos com revestimentos em a\u00e7o galvalume formado por duas chapas met\u00e1licas unidas por um n\u00facleo constituido por um material isolante. S\u00e3o fabricados de acordo com o projeto, evitando o desperd\u00edcio e permitindo uma montagem limpa e r\u00e1pida, oferecendo alto poder de isolamento t\u00e9rmico e excelente veda\u00e7\u00e3o.\u00a0 VANTAGENS\u00a0 Alta Capacidade de isolamento [&hellip;]<\/p>\n","protected":false},"author":1,"featured_media":0,"parent":0,"menu_order":0,"comment_status":"closed","ping_status":"closed","template":"","meta":{"_et_pb_use_builder":"on","_et_pb_old_content":"","_et_gb_content_width":""},"_links":{"self":[{"href":"https:\/\/regentetelhas.com.br\/site\/wp-json\/wp\/v2\/pages\/69"}],"collection":[{"href":"https:\/\/regentetelhas.com.br\/site\/wp-json\/wp\/v2\/pages"}],"about":[{"href":"https:\/\/regentetelhas.com.br\/site\/wp-json\/wp\/v2\/types\/page"}],"author":[{"embeddable":true,"href":"https:\/\/regentetelhas.com.br\/site\/wp-json\/wp\/v2\/users\/1"}],"replies":[{"embeddable":true,"href":"https:\/\/regentetelhas.com.br\/site\/wp-json\/wp\/v2\/comments?post=69"}],"version-history":[{"count":8,"href":"https:\/\/regentetelhas.com.br\/site\/wp-json\/wp\/v2\/pages\/69\/revisions"}],"predecessor-version":[{"id":245,"href":"https:\/\/regentetelhas.com.br\/site\/wp-json\/wp\/v2\/pages\/69\/revisions\/245"}],"wp:attachment":[{"href":"https:\/\/regentetelhas.com.br\/site\/wp-json\/wp\/v2\/media?parent=69"}],"curies":[{"name":"wp","href":"https:\/\/api.w.org\/{rel}","templated":true}]}}