{"id":53,"date":"2022-03-28T09:42:29","date_gmt":"2022-03-28T12:42:29","guid":{"rendered":"https:\/\/regentetelhas.com.br\/site\/?page_id=53"},"modified":"2024-07-21T11:29:19","modified_gmt":"2024-07-21T14:29:19","slug":"quem-somos","status":"publish","type":"page","link":"https:\/\/regentetelhas.com.br\/site\/quem-somos\/","title":{"rendered":"Quem Somos"},"content":{"rendered":"<p>[et_pb_section fb_built=&#8221;1&#8243; _builder_version=&#8221;4.16&#8243; _module_preset=&#8221;default&#8221; global_colors_info=&#8221;{}&#8221;][et_pb_row _builder_version=&#8221;4.16&#8243; _module_preset=&#8221;default&#8221; global_colors_info=&#8221;{}&#8221;][et_pb_column type=&#8221;4_4&#8243; _builder_version=&#8221;4.16&#8243; _module_preset=&#8221;default&#8221; global_colors_info=&#8221;{}&#8221;][et_pb_text _builder_version=&#8221;4.16&#8243; _module_preset=&#8221;default&#8221; text_font=&#8221;|700|||||||&#8221; text_font_size=&#8221;35px&#8221; global_colors_info=&#8221;{}&#8221;]<\/p>\n<p>Quem Somos<\/p>\n<p>[\/et_pb_text][et_pb_image src=&#8221;https:\/\/regentetelhas.com.br\/site\/wp-content\/uploads\/2022\/03\/quem-somos.png&#8221; title_text=&#8221;quem somos&#8221; force_fullwidth=&#8221;on&#8221; _builder_version=&#8221;4.16&#8243; _module_preset=&#8221;default&#8221; min_height=&#8221;100%&#8221; custom_margin=&#8221;||||false|false&#8221; hover_enabled=&#8221;0&#8243; global_colors_info=&#8221;{}&#8221; sticky_enabled=&#8221;0&#8243;][\/et_pb_image][\/et_pb_column][\/et_pb_row][et_pb_row _builder_version=&#8221;4.16&#8243; _module_preset=&#8221;default&#8221; global_colors_info=&#8221;{}&#8221;][et_pb_column type=&#8221;4_4&#8243; _builder_version=&#8221;4.16&#8243; _module_preset=&#8221;default&#8221; global_colors_info=&#8221;{}&#8221;][et_pb_text _builder_version=&#8221;4.19.5&#8243; _module_preset=&#8221;default&#8221; text_font=&#8221;Jost|700|||||||&#8221; text_font_size=&#8221;18px&#8221; hover_enabled=&#8221;0&#8243; global_colors_info=&#8221;{}&#8221; text_letter_spacing=&#8221;1px&#8221; text_line_height=&#8221;1.8em&#8221; sticky_enabled=&#8221;0&#8243;]<\/p>\n<p>A Regente Telhas est\u00e1 no mercado de telhas de a\u00e7o desde 2012 trazendo agilidade e confian\u00e7a na venda de produtos para coberturas met\u00e1licas, mantendo constante evolu\u00e7\u00e3o tecnol\u00f3gica, contando com equipamentos e m\u00e1quinas de \u00faltima gera\u00e7\u00e3o para atender as exigentes necessidades do setor.<\/p>\n<p>Buscamos a satisfa\u00e7\u00e3o dos nossos clientes,com qualidade, confiabilidade, competitividade e excel\u00eancia no atendimento.<\/p>\n<p>Possu\u00edmos frota pr\u00f3pria para entrega com agilidade na cidade Umuarama-Pr e em toda regi\u00e3o.<\/p>\n<p>[\/et_pb_text][\/et_pb_column][\/et_pb_row][\/et_pb_section][et_pb_section fb_built=&#8221;1&#8243; _builder_version=&#8221;4.16&#8243; _module_preset=&#8221;default&#8221; global_colors_info=&#8221;{}&#8221;][et_pb_row _builder_version=&#8221;4.16&#8243; _module_preset=&#8221;default&#8221; global_colors_info=&#8221;{}&#8221;][et_pb_column type=&#8221;4_4&#8243; _builder_version=&#8221;4.16&#8243; _module_preset=&#8221;default&#8221; global_colors_info=&#8221;{}&#8221;][et_pb_text _builder_version=&#8221;4.16&#8243; _module_preset=&#8221;default&#8221; text_font=&#8221;|700|||||||&#8221; text_font_size=&#8221;35px&#8221; global_colors_info=&#8221;{}&#8221;]<\/p>\n<p>Localiza\u00e7\u00e3o<\/p>\n<p>[\/et_pb_text][et_pb_text _builder_version=&#8221;4.16&#8243; _module_preset=&#8221;default&#8221; global_colors_info=&#8221;{}&#8221;]<iframe src=\"https:\/\/www.google.com\/maps\/embed?pb=!1m14!1m8!1m3!1d14604.495925539864!2d-53.293273!3d-23.778599!3m2!1i1024!2i768!4f13.1!3m3!1m2!1s0x0%3A0xf56718f174216aa0!2sRegente%20Telhas%20de%20A%C3%A7o%20Ltda!5e0!3m2!1spt-BR!2sbr!4v1648429886983!5m2!1spt-BR!2sbr\" width=\"1980\" height=\"450\" style=\"border: 0;\" allowfullscreen=\"\" loading=\"lazy\" referrerpolicy=\"no-referrer-when-downgrade\"><\/iframe>[\/et_pb_text][\/et_pb_column][\/et_pb_row][\/et_pb_section]<\/p>\n","protected":false},"excerpt":{"rendered":"<p>Quem SomosA Regente Telhas est\u00e1 no mercado de telhas de a\u00e7o desde 2012 trazendo agilidade e confian\u00e7a na venda de produtos para coberturas met\u00e1licas, mantendo constante evolu\u00e7\u00e3o tecnol\u00f3gica, contando com equipamentos e m\u00e1quinas de \u00faltima gera\u00e7\u00e3o para atender as exigentes necessidades do setor. Buscamos a satisfa\u00e7\u00e3o dos nossos clientes,com qualidade, confiabilidade, competitividade e excel\u00eancia no [&hellip;]<\/p>\n","protected":false},"author":1,"featured_media":0,"parent":0,"menu_order":0,"comment_status":"closed","ping_status":"closed","template":"","meta":{"_et_pb_use_builder":"on","_et_pb_old_content":"","_et_gb_content_width":""},"_links":{"self":[{"href":"https:\/\/regentetelhas.com.br\/site\/wp-json\/wp\/v2\/pages\/53"}],"collection":[{"href":"https:\/\/regentetelhas.com.br\/site\/wp-json\/wp\/v2\/pages"}],"about":[{"href":"https:\/\/regentetelhas.com.br\/site\/wp-json\/wp\/v2\/types\/page"}],"author":[{"embeddable":true,"href":"https:\/\/regentetelhas.com.br\/site\/wp-json\/wp\/v2\/users\/1"}],"replies":[{"embeddable":true,"href":"https:\/\/regentetelhas.com.br\/site\/wp-json\/wp\/v2\/comments?post=53"}],"version-history":[{"count":7,"href":"https:\/\/regentetelhas.com.br\/site\/wp-json\/wp\/v2\/pages\/53\/revisions"}],"predecessor-version":[{"id":316,"href":"https:\/\/regentetelhas.com.br\/site\/wp-json\/wp\/v2\/pages\/53\/revisions\/316"}],"wp:attachment":[{"href":"https:\/\/regentetelhas.com.br\/site\/wp-json\/wp\/v2\/media?parent=53"}],"curies":[{"name":"wp","href":"https:\/\/api.w.org\/{rel}","templated":true}]}}