{"id":196,"date":"2022-03-29T09:02:48","date_gmt":"2022-03-29T12:02:48","guid":{"rendered":"https:\/\/regentetelhas.com.br\/site\/?page_id=196"},"modified":"2022-03-29T10:23:51","modified_gmt":"2022-03-29T13:23:51","slug":"parafusos","status":"publish","type":"page","link":"https:\/\/regentetelhas.com.br\/site\/parafusos\/","title":{"rendered":"Parafusos"},"content":{"rendered":"<p>[et_pb_section fb_built=&#8221;1&#8243; _builder_version=&#8221;4.9.4&#8243; _module_preset=&#8221;default&#8221;][et_pb_row use_custom_gutter=&#8221;on&#8221; gutter_width=&#8221;1&#8243; make_equal=&#8221;on&#8221; _builder_version=&#8221;4.9.4&#8243; _module_preset=&#8221;default&#8221; width=&#8221;100%&#8221; max_width=&#8221;1500px&#8221;][et_pb_column type=&#8221;4_4&#8243; _builder_version=&#8221;4.9.4&#8243; _module_preset=&#8221;default&#8221;][et_pb_image src=&#8221;https:\/\/regentetelhas.com.br\/site\/wp-content\/uploads\/2022\/03\/parafusos.png&#8221; title_text=&#8221;parafusos&#8221; align=&#8221;center&#8221; force_fullwidth=&#8221;on&#8221; _builder_version=&#8221;4.9.4&#8243; _module_preset=&#8221;default&#8221;][\/et_pb_image][\/et_pb_column][\/et_pb_row][et_pb_row _builder_version=&#8221;4.9.4&#8243; _module_preset=&#8221;default&#8221;][et_pb_column type=&#8221;4_4&#8243; _builder_version=&#8221;4.9.4&#8243; _module_preset=&#8221;default&#8221;][et_pb_text _builder_version=&#8221;4.9.4&#8243; _module_preset=&#8221;default&#8221; hover_enabled=&#8221;0&#8243; text_font_size=&#8221;18px&#8221; sticky_enabled=&#8221;0&#8243;]<\/p>\n<p><strong>Parafusos para fixa\u00e7\u00e3o em ferro ou\u00a0 madeira<\/strong><\/p>\n<p><strong>Rebites para fixa\u00e7\u00e3o em calhas.<\/strong><\/p>\n<p><strong>Aplica\u00e7\u00e3o: Telhas de a\u00e7o e Calhas.<\/strong><\/p>\n<p>[\/et_pb_text][\/et_pb_column][\/et_pb_row][\/et_pb_section][et_pb_section fb_built=&#8221;1&#8243; _builder_version=&#8221;4.9.4&#8243; _module_preset=&#8221;default&#8221;][et_pb_row _builder_version=&#8221;4.9.4&#8243; _module_preset=&#8221;default&#8221;][et_pb_column type=&#8221;4_4&#8243; _builder_version=&#8221;4.9.4&#8243; _module_preset=&#8221;default&#8221;][et_pb_image src=&#8221;https:\/\/regentetelhas.com.br\/site\/wp-content\/uploads\/2022\/03\/parafusos.jpg&#8221; title_text=&#8221;parafusos&#8221; align=&#8221;center&#8221; _builder_version=&#8221;4.9.4&#8243; _module_preset=&#8221;default&#8221;][\/et_pb_image][\/et_pb_column][\/et_pb_row][\/et_pb_section][et_pb_section fb_built=&#8221;1&#8243; _builder_version=&#8221;4.9.4&#8243; _module_preset=&#8221;default&#8221;][et_pb_row _builder_version=&#8221;4.9.4&#8243; _module_preset=&#8221;default&#8221;][et_pb_column type=&#8221;4_4&#8243; _builder_version=&#8221;4.9.4&#8243; _module_preset=&#8221;default&#8221;][et_pb_image src=&#8221;https:\/\/regentetelhas.com.br\/site\/wp-content\/uploads\/2022\/03\/cartoes3.png&#8221; title_text=&#8221;cartoes3&#8243; _builder_version=&#8221;4.9.4&#8243; _module_preset=&#8221;default&#8221;][\/et_pb_image][\/et_pb_column][\/et_pb_row][\/et_pb_section]<\/p>\n","protected":false},"excerpt":{"rendered":"<p>Parafusos para fixa\u00e7\u00e3o em ferro ou\u00a0 madeira Rebites para fixa\u00e7\u00e3o em calhas. Aplica\u00e7\u00e3o: Telhas de a\u00e7o e Calhas.<\/p>\n","protected":false},"author":1,"featured_media":0,"parent":0,"menu_order":0,"comment_status":"closed","ping_status":"closed","template":"","meta":{"_et_pb_use_builder":"on","_et_pb_old_content":"","_et_gb_content_width":""},"_links":{"self":[{"href":"https:\/\/regentetelhas.com.br\/site\/wp-json\/wp\/v2\/pages\/196"}],"collection":[{"href":"https:\/\/regentetelhas.com.br\/site\/wp-json\/wp\/v2\/pages"}],"about":[{"href":"https:\/\/regentetelhas.com.br\/site\/wp-json\/wp\/v2\/types\/page"}],"author":[{"embeddable":true,"href":"https:\/\/regentetelhas.com.br\/site\/wp-json\/wp\/v2\/users\/1"}],"replies":[{"embeddable":true,"href":"https:\/\/regentetelhas.com.br\/site\/wp-json\/wp\/v2\/comments?post=196"}],"version-history":[{"count":6,"href":"https:\/\/regentetelhas.com.br\/site\/wp-json\/wp\/v2\/pages\/196\/revisions"}],"predecessor-version":[{"id":255,"href":"https:\/\/regentetelhas.com.br\/site\/wp-json\/wp\/v2\/pages\/196\/revisions\/255"}],"wp:attachment":[{"href":"https:\/\/regentetelhas.com.br\/site\/wp-json\/wp\/v2\/media?parent=196"}],"curies":[{"name":"wp","href":"https:\/\/api.w.org\/{rel}","templated":true}]}}