{"id":177,"date":"2022-03-29T08:51:46","date_gmt":"2022-03-29T11:51:46","guid":{"rendered":"https:\/\/regentetelhas.com.br\/site\/?page_id=177"},"modified":"2022-03-29T10:22:02","modified_gmt":"2022-03-29T13:22:02","slug":"bobinas-para-calhas","status":"publish","type":"page","link":"https:\/\/regentetelhas.com.br\/site\/bobinas-para-calhas\/","title":{"rendered":"Bobinas para Calhas"},"content":{"rendered":"<p>[et_pb_section fb_built=&#8221;1&#8243; _builder_version=&#8221;4.9.4&#8243; _module_preset=&#8221;default&#8221;][et_pb_row use_custom_gutter=&#8221;on&#8221; gutter_width=&#8221;1&#8243; make_equal=&#8221;on&#8221; _builder_version=&#8221;4.9.4&#8243; _module_preset=&#8221;default&#8221; width=&#8221;100%&#8221; max_width=&#8221;1500px&#8221;][et_pb_column type=&#8221;4_4&#8243; _builder_version=&#8221;4.9.4&#8243; _module_preset=&#8221;default&#8221;][et_pb_image src=&#8221;https:\/\/regentetelhas.com.br\/site\/wp-content\/uploads\/2022\/03\/bobinas-para-calhas.png&#8221; title_text=&#8221;bobinas para calhas&#8221; align=&#8221;center&#8221; force_fullwidth=&#8221;on&#8221; _builder_version=&#8221;4.9.4&#8243; _module_preset=&#8221;default&#8221;][\/et_pb_image][\/et_pb_column][\/et_pb_row][et_pb_row _builder_version=&#8221;4.9.4&#8243; _module_preset=&#8221;default&#8221;][et_pb_column type=&#8221;4_4&#8243; _builder_version=&#8221;4.9.4&#8243; _module_preset=&#8221;default&#8221;][et_pb_text _builder_version=&#8221;4.9.4&#8243; _module_preset=&#8221;default&#8221; hover_enabled=&#8221;0&#8243; text_font_size=&#8221;18px&#8221; sticky_enabled=&#8221;0&#8243;]<\/p>\n<p><strong>Produzimos bobininhas em a\u00e7o galvalume com qualidade, trabalhamos apenas com material nacional (CSN e Arcerlormittal), que garantem maior durabilidade. Fabricamos\u00a0bobininhas com cortes padr\u00e3o ou conforme a necessidade do cliente. Temos chapas lisa em a\u00e7o galvalume, conforme as medidas solicitadas pelos clientes;\u00a0<\/strong><\/p>\n<p><strong>A bobina galvalume \u00e9 um resultado de um a\u00e7o de durabilidade e resist\u00eancia superiores, elevada refletividade de calor e uma rela\u00e7\u00e3o custo-benef\u00edcio altamente vantajosa. As\u00a0bobinas de a\u00e7o galvalume\u00a0permitem a utiliza\u00e7\u00e3o de espessuras mais baixas, gra\u00e7as \u00e0 alta resist\u00eancia mec\u00e2nica de a\u00e7o-base e a resist\u00eancia evidente \u00e0 corros\u00e3o. Todos esses diferenciais asseguram uma vida \u00fatil mais longa \u00e0s\u00a0bobinas de a\u00e7o galvalume, o que torna sua aplicabilidade mais ampla.<\/strong><\/p>\n<p><strong>Aplica\u00e7\u00f5es: Para Calhas, Rufos, Placas de Propaganda,\u00a0 Outdoors, etc;<\/strong><\/p>\n<p>[\/et_pb_text][\/et_pb_column][\/et_pb_row][\/et_pb_section][et_pb_section fb_built=&#8221;1&#8243; _builder_version=&#8221;4.9.4&#8243; _module_preset=&#8221;default&#8221;][et_pb_row _builder_version=&#8221;4.9.4&#8243; _module_preset=&#8221;default&#8221;][et_pb_column type=&#8221;4_4&#8243; _builder_version=&#8221;4.9.4&#8243; _module_preset=&#8221;default&#8221;][et_pb_image src=&#8221;https:\/\/regentetelhas.com.br\/site\/wp-content\/uploads\/2022\/03\/bobinas-01.png&#8221; title_text=&#8221;bobinas 01&#8243; align=&#8221;center&#8221; _builder_version=&#8221;4.9.4&#8243; _module_preset=&#8221;default&#8221;][\/et_pb_image][\/et_pb_column][\/et_pb_row][\/et_pb_section][et_pb_section fb_built=&#8221;1&#8243; _builder_version=&#8221;4.9.4&#8243; _module_preset=&#8221;default&#8221;][et_pb_row _builder_version=&#8221;4.9.4&#8243; _module_preset=&#8221;default&#8221;][et_pb_column type=&#8221;4_4&#8243; _builder_version=&#8221;4.9.4&#8243; _module_preset=&#8221;default&#8221;][et_pb_image src=&#8221;https:\/\/regentetelhas.com.br\/site\/wp-content\/uploads\/2022\/03\/cartoes3.png&#8221; title_text=&#8221;cartoes3&#8243; _builder_version=&#8221;4.9.4&#8243; _module_preset=&#8221;default&#8221;][\/et_pb_image][\/et_pb_column][\/et_pb_row][\/et_pb_section]<\/p>\n","protected":false},"excerpt":{"rendered":"<p>Produzimos bobininhas em a\u00e7o galvalume com qualidade, trabalhamos apenas com material nacional (CSN e Arcerlormittal), que garantem maior durabilidade. Fabricamos\u00a0bobininhas com cortes padr\u00e3o ou conforme a necessidade do cliente. Temos chapas lisa em a\u00e7o galvalume, conforme as medidas solicitadas pelos clientes;\u00a0 A bobina galvalume \u00e9 um resultado de um a\u00e7o de durabilidade e resist\u00eancia superiores, [&hellip;]<\/p>\n","protected":false},"author":1,"featured_media":0,"parent":0,"menu_order":0,"comment_status":"closed","ping_status":"closed","template":"","meta":{"_et_pb_use_builder":"on","_et_pb_old_content":"","_et_gb_content_width":""},"_links":{"self":[{"href":"https:\/\/regentetelhas.com.br\/site\/wp-json\/wp\/v2\/pages\/177"}],"collection":[{"href":"https:\/\/regentetelhas.com.br\/site\/wp-json\/wp\/v2\/pages"}],"about":[{"href":"https:\/\/regentetelhas.com.br\/site\/wp-json\/wp\/v2\/types\/page"}],"author":[{"embeddable":true,"href":"https:\/\/regentetelhas.com.br\/site\/wp-json\/wp\/v2\/users\/1"}],"replies":[{"embeddable":true,"href":"https:\/\/regentetelhas.com.br\/site\/wp-json\/wp\/v2\/comments?post=177"}],"version-history":[{"count":6,"href":"https:\/\/regentetelhas.com.br\/site\/wp-json\/wp\/v2\/pages\/177\/revisions"}],"predecessor-version":[{"id":253,"href":"https:\/\/regentetelhas.com.br\/site\/wp-json\/wp\/v2\/pages\/177\/revisions\/253"}],"wp:attachment":[{"href":"https:\/\/regentetelhas.com.br\/site\/wp-json\/wp\/v2\/media?parent=177"}],"curies":[{"name":"wp","href":"https:\/\/api.w.org\/{rel}","templated":true}]}}