{"id":168,"date":"2022-03-29T08:47:45","date_gmt":"2022-03-29T11:47:45","guid":{"rendered":"https:\/\/regentetelhas.com.br\/site\/?page_id=168"},"modified":"2022-03-29T10:21:19","modified_gmt":"2022-03-29T13:21:19","slug":"telha-translucida","status":"publish","type":"page","link":"https:\/\/regentetelhas.com.br\/site\/telha-translucida\/","title":{"rendered":"Telha Transl\u00facida"},"content":{"rendered":"<p>[et_pb_section fb_built=&#8221;1&#8243; _builder_version=&#8221;4.9.4&#8243; _module_preset=&#8221;default&#8221;][et_pb_row use_custom_gutter=&#8221;on&#8221; gutter_width=&#8221;1&#8243; make_equal=&#8221;on&#8221; _builder_version=&#8221;4.9.4&#8243; _module_preset=&#8221;default&#8221; width=&#8221;100%&#8221; max_width=&#8221;1500px&#8221;][et_pb_column type=&#8221;4_4&#8243; _builder_version=&#8221;4.9.4&#8243; _module_preset=&#8221;default&#8221;][et_pb_image src=&#8221;https:\/\/regentetelhas.com.br\/site\/wp-content\/uploads\/2022\/03\/telha-trasnlucida.png&#8221; title_text=&#8221;telha trasnlucida&#8221; align=&#8221;center&#8221; force_fullwidth=&#8221;on&#8221; _builder_version=&#8221;4.9.4&#8243; _module_preset=&#8221;default&#8221;][\/et_pb_image][\/et_pb_column][\/et_pb_row][et_pb_row _builder_version=&#8221;4.9.4&#8243; _module_preset=&#8221;default&#8221;][et_pb_column _builder_version=&#8221;4.9.4&#8243; _module_preset=&#8221;default&#8221; type=&#8221;4_4&#8243;][et_pb_text _builder_version=&#8221;4.9.4&#8243; _module_preset=&#8221;default&#8221; hover_enabled=&#8221;0&#8243; sticky_enabled=&#8221;0&#8243; text_font_size=&#8221;18px&#8221;]<\/p>\n<p><strong>A ilumina\u00e7\u00e3o natural tem grande import\u00e2ncia nos projetos sustent\u00e1veis, pois o bom aproveitamento da luz solar torna o ambiente mais agrad\u00e1vel e funcional, resultado em in\u00fameros benef\u00edcios para as empresa. Utilizando a luz solar obt\u00e9m-se um aumento na produtividade. Economia de energia el\u00e9trica significativa, gerando um retorno do investimento a curto prazo (6 a 12 meses).<\/strong><\/p>\n<p>[\/et_pb_text][\/et_pb_column][\/et_pb_row][\/et_pb_section][et_pb_section fb_built=&#8221;1&#8243; _builder_version=&#8221;4.9.4&#8243; _module_preset=&#8221;default&#8221;][et_pb_row column_structure=&#8221;1_2,1_2&#8243; _builder_version=&#8221;4.9.4&#8243; _module_preset=&#8221;default&#8221;][et_pb_column type=&#8221;1_2&#8243; _builder_version=&#8221;4.9.4&#8243; _module_preset=&#8221;default&#8221;][et_pb_image src=&#8221;https:\/\/regentetelhas.com.br\/site\/wp-content\/uploads\/2022\/03\/tranlucida01.jpg&#8221; title_text=&#8221;tranlucida01&#8243; _builder_version=&#8221;4.9.4&#8243; _module_preset=&#8221;default&#8221;][\/et_pb_image][\/et_pb_column][et_pb_column type=&#8221;1_2&#8243; _builder_version=&#8221;4.9.4&#8243; _module_preset=&#8221;default&#8221;][et_pb_image src=&#8221;https:\/\/regentetelhas.com.br\/site\/wp-content\/uploads\/2022\/03\/translucida02.jpg&#8221; title_text=&#8221;translucida02&#8243; _builder_version=&#8221;4.9.4&#8243; _module_preset=&#8221;default&#8221;][\/et_pb_image][\/et_pb_column][\/et_pb_row][\/et_pb_section][et_pb_section fb_built=&#8221;1&#8243; _builder_version=&#8221;4.9.4&#8243; _module_preset=&#8221;default&#8221;][et_pb_row _builder_version=&#8221;4.9.4&#8243; _module_preset=&#8221;default&#8221;][et_pb_column type=&#8221;4_4&#8243; _builder_version=&#8221;4.9.4&#8243; _module_preset=&#8221;default&#8221;][et_pb_image src=&#8221;https:\/\/regentetelhas.com.br\/site\/wp-content\/uploads\/2022\/03\/cartoes3.png&#8221; title_text=&#8221;cartoes3&#8243; _builder_version=&#8221;4.9.4&#8243; _module_preset=&#8221;default&#8221;][\/et_pb_image][\/et_pb_column][\/et_pb_row][\/et_pb_section]<\/p>\n","protected":false},"excerpt":{"rendered":"<p>A ilumina\u00e7\u00e3o natural tem grande import\u00e2ncia nos projetos sustent\u00e1veis, pois o bom aproveitamento da luz solar torna o ambiente mais agrad\u00e1vel e funcional, resultado em in\u00fameros benef\u00edcios para as empresa. Utilizando a luz solar obt\u00e9m-se um aumento na produtividade. Economia de energia el\u00e9trica significativa, gerando um retorno do investimento a curto prazo (6 a 12 [&hellip;]<\/p>\n","protected":false},"author":1,"featured_media":0,"parent":0,"menu_order":0,"comment_status":"closed","ping_status":"closed","template":"","meta":{"_et_pb_use_builder":"on","_et_pb_old_content":"","_et_gb_content_width":""},"_links":{"self":[{"href":"https:\/\/regentetelhas.com.br\/site\/wp-json\/wp\/v2\/pages\/168"}],"collection":[{"href":"https:\/\/regentetelhas.com.br\/site\/wp-json\/wp\/v2\/pages"}],"about":[{"href":"https:\/\/regentetelhas.com.br\/site\/wp-json\/wp\/v2\/types\/page"}],"author":[{"embeddable":true,"href":"https:\/\/regentetelhas.com.br\/site\/wp-json\/wp\/v2\/users\/1"}],"replies":[{"embeddable":true,"href":"https:\/\/regentetelhas.com.br\/site\/wp-json\/wp\/v2\/comments?post=168"}],"version-history":[{"count":7,"href":"https:\/\/regentetelhas.com.br\/site\/wp-json\/wp\/v2\/pages\/168\/revisions"}],"predecessor-version":[{"id":252,"href":"https:\/\/regentetelhas.com.br\/site\/wp-json\/wp\/v2\/pages\/168\/revisions\/252"}],"wp:attachment":[{"href":"https:\/\/regentetelhas.com.br\/site\/wp-json\/wp\/v2\/media?parent=168"}],"curies":[{"name":"wp","href":"https:\/\/api.w.org\/{rel}","templated":true}]}}