{"id":146,"date":"2022-03-29T08:38:33","date_gmt":"2022-03-29T11:38:33","guid":{"rendered":"https:\/\/regentetelhas.com.br\/site\/?page_id=146"},"modified":"2022-03-29T10:19:08","modified_gmt":"2022-03-29T13:19:08","slug":"telha-trapezio-40","status":"publish","type":"page","link":"https:\/\/regentetelhas.com.br\/site\/telha-trapezio-40\/","title":{"rendered":"Telha Trap\u00e9zio 40"},"content":{"rendered":"<p>[et_pb_section fb_built=&#8221;1&#8243; _builder_version=&#8221;4.9.4&#8243; _module_preset=&#8221;default&#8221;][et_pb_row use_custom_gutter=&#8221;on&#8221; gutter_width=&#8221;1&#8243; make_equal=&#8221;on&#8221; _builder_version=&#8221;4.9.4&#8243; _module_preset=&#8221;default&#8221; width=&#8221;100%&#8221; max_width=&#8221;1500px&#8221;][et_pb_column type=&#8221;4_4&#8243; _builder_version=&#8221;4.9.4&#8243; _module_preset=&#8221;default&#8221;][et_pb_image src=&#8221;https:\/\/regentetelhas.com.br\/site\/wp-content\/uploads\/2022\/03\/trapezio-40.png&#8221; title_text=&#8221;trapezio 40&#8243; align=&#8221;center&#8221; force_fullwidth=&#8221;on&#8221; _builder_version=&#8221;4.9.4&#8243; _module_preset=&#8221;default&#8221;][\/et_pb_image][\/et_pb_column][\/et_pb_row][\/et_pb_section][et_pb_section fb_built=&#8221;1&#8243; _builder_version=&#8221;4.9.4&#8243; _module_preset=&#8221;default&#8221;][et_pb_row _builder_version=&#8221;4.9.4&#8243; _module_preset=&#8221;default&#8221; custom_margin=&#8221;-97px|auto||auto||&#8221;][et_pb_column _builder_version=&#8221;4.9.4&#8243; _module_preset=&#8221;default&#8221; type=&#8221;4_4&#8243;][et_pb_text _builder_version=&#8221;4.9.4&#8243; _module_preset=&#8221;default&#8221; hover_enabled=&#8221;0&#8243; sticky_enabled=&#8221;0&#8243; text_font_size=&#8221;18px&#8221;]<\/p>\n<p><strong>Telha de a\u00e7o trapezoidal com onda\u00a0alta com a maior resist\u00eancia mec\u00e2nica. Aplica-se em\u00a0Cobertura de edif\u00edcios industriais, comerciais e de uso em geral. Fechamentos laterais e fachadas met\u00e1licas de edif\u00edcios industriais, comerciais e residenciais. A telha Trap\u00e9zio 40 pode ser utilizada nas mais diversas aplica\u00e7\u00f5es. Sua capacidade de carga a torna adequada para a maioria das situa\u00e7\u00f5es nais quais as condi\u00e7\u00f5es v\u00e3o\u00a0x sobrecarga\u00a0precisam um tratamento espec\u00edfico.<\/strong><\/p>\n<p>[\/et_pb_text][\/et_pb_column][\/et_pb_row][\/et_pb_section][et_pb_section fb_built=&#8221;1&#8243; _builder_version=&#8221;4.9.4&#8243; _module_preset=&#8221;default&#8221;][et_pb_row _builder_version=&#8221;4.9.4&#8243; _module_preset=&#8221;default&#8221;][et_pb_column type=&#8221;4_4&#8243; _builder_version=&#8221;4.9.4&#8243; _module_preset=&#8221;default&#8221;][et_pb_image src=&#8221;https:\/\/regentetelhas.com.br\/site\/wp-content\/uploads\/2022\/03\/telha-trapezio-40.png&#8221; title_text=&#8221;telha trapezio 40&#8243; _builder_version=&#8221;4.9.4&#8243; _module_preset=&#8221;default&#8221;][\/et_pb_image][\/et_pb_column][\/et_pb_row][\/et_pb_section]<\/p>\n","protected":false},"excerpt":{"rendered":"<p>Telha de a\u00e7o trapezoidal com onda\u00a0alta com a maior resist\u00eancia mec\u00e2nica. Aplica-se em\u00a0Cobertura de edif\u00edcios industriais, comerciais e de uso em geral. Fechamentos laterais e fachadas met\u00e1licas de edif\u00edcios industriais, comerciais e residenciais. A telha Trap\u00e9zio 40 pode ser utilizada nas mais diversas aplica\u00e7\u00f5es. Sua capacidade de carga a torna adequada para a maioria das [&hellip;]<\/p>\n","protected":false},"author":1,"featured_media":0,"parent":0,"menu_order":0,"comment_status":"closed","ping_status":"closed","template":"","meta":{"_et_pb_use_builder":"on","_et_pb_old_content":"","_et_gb_content_width":""},"_links":{"self":[{"href":"https:\/\/regentetelhas.com.br\/site\/wp-json\/wp\/v2\/pages\/146"}],"collection":[{"href":"https:\/\/regentetelhas.com.br\/site\/wp-json\/wp\/v2\/pages"}],"about":[{"href":"https:\/\/regentetelhas.com.br\/site\/wp-json\/wp\/v2\/types\/page"}],"author":[{"embeddable":true,"href":"https:\/\/regentetelhas.com.br\/site\/wp-json\/wp\/v2\/users\/1"}],"replies":[{"embeddable":true,"href":"https:\/\/regentetelhas.com.br\/site\/wp-json\/wp\/v2\/comments?post=146"}],"version-history":[{"count":5,"href":"https:\/\/regentetelhas.com.br\/site\/wp-json\/wp\/v2\/pages\/146\/revisions"}],"predecessor-version":[{"id":250,"href":"https:\/\/regentetelhas.com.br\/site\/wp-json\/wp\/v2\/pages\/146\/revisions\/250"}],"wp:attachment":[{"href":"https:\/\/regentetelhas.com.br\/site\/wp-json\/wp\/v2\/media?parent=146"}],"curies":[{"name":"wp","href":"https:\/\/api.w.org\/{rel}","templated":true}]}}