{"id":139,"date":"2022-03-29T08:35:13","date_gmt":"2022-03-29T11:35:13","guid":{"rendered":"https:\/\/regentetelhas.com.br\/site\/?page_id=139"},"modified":"2022-03-29T09:48:34","modified_gmt":"2022-03-29T12:48:34","slug":"telha-trapezio-25","status":"publish","type":"page","link":"https:\/\/regentetelhas.com.br\/site\/telha-trapezio-25\/","title":{"rendered":"Telha Trap\u00e9zio 25"},"content":{"rendered":"<p>[et_pb_section fb_built=&#8221;1&#8243; _builder_version=&#8221;4.9.4&#8243; _module_preset=&#8221;default&#8221;][et_pb_row use_custom_gutter=&#8221;on&#8221; gutter_width=&#8221;1&#8243; make_equal=&#8221;on&#8221; _builder_version=&#8221;4.9.4&#8243; _module_preset=&#8221;default&#8221; width=&#8221;100%&#8221; max_width=&#8221;1500px&#8221;][et_pb_column type=&#8221;4_4&#8243; _builder_version=&#8221;4.9.4&#8243; _module_preset=&#8221;default&#8221;][et_pb_image src=&#8221;https:\/\/regentetelhas.com.br\/site\/wp-content\/uploads\/2022\/03\/telha-trapezio-25.png&#8221; title_text=&#8221;telha trapezio 25&#8243; align=&#8221;center&#8221; force_fullwidth=&#8221;on&#8221; _builder_version=&#8221;4.9.4&#8243; _module_preset=&#8221;default&#8221;][\/et_pb_image][\/et_pb_column][\/et_pb_row][\/et_pb_section][et_pb_section fb_built=&#8221;1&#8243; _builder_version=&#8221;4.9.4&#8243; _module_preset=&#8221;default&#8221;][et_pb_row _builder_version=&#8221;4.9.4&#8243; _module_preset=&#8221;default&#8221;][et_pb_column _builder_version=&#8221;4.9.4&#8243; _module_preset=&#8221;default&#8221; type=&#8221;4_4&#8243;][et_pb_text _builder_version=&#8221;4.9.4&#8243; _module_preset=&#8221;default&#8221; text_font_size=&#8221;18px&#8221; hover_enabled=&#8221;0&#8243; sticky_enabled=&#8221;0&#8243;]<\/p>\n<p><strong>Telha de a\u00e7o trapezoidal com onda baixa e boa largura \u00fatil. Aplica-se em coberturas met\u00e1licas planas,\u00a0fechamentos laterais, fachadas de edif\u00edcios industriais, comerciais e residenciais, tanto na posi\u00e7\u00e3o vertical quanto na posi\u00e7\u00e3o horizontal, como sistema simples ou com isolamento termoac\u00fastico. Como pode ser montado invertido, com um \u00fanico perfil \u00e9 poss\u00edvel obter diferentes em um mesmo fechamento lateral.<\/strong><\/p>\n<p>[\/et_pb_text][\/et_pb_column][\/et_pb_row][\/et_pb_section][et_pb_section fb_built=&#8221;1&#8243; _builder_version=&#8221;4.9.4&#8243; _module_preset=&#8221;default&#8221;][et_pb_row _builder_version=&#8221;4.9.4&#8243; _module_preset=&#8221;default&#8221;][et_pb_column type=&#8221;4_4&#8243; _builder_version=&#8221;4.9.4&#8243; _module_preset=&#8221;default&#8221;][et_pb_image src=&#8221;https:\/\/regentetelhas.com.br\/site\/wp-content\/uploads\/2022\/03\/trapezio25.jpg&#8221; title_text=&#8221;trapezio25&#8243; _builder_version=&#8221;4.9.4&#8243; _module_preset=&#8221;default&#8221;][\/et_pb_image][\/et_pb_column][\/et_pb_row][\/et_pb_section][et_pb_section fb_built=&#8221;1&#8243; _builder_version=&#8221;4.9.4&#8243; _module_preset=&#8221;default&#8221;][et_pb_row _builder_version=&#8221;4.9.4&#8243; _module_preset=&#8221;default&#8221;][et_pb_column type=&#8221;4_4&#8243; _builder_version=&#8221;4.9.4&#8243; _module_preset=&#8221;default&#8221;][et_pb_image src=&#8221;https:\/\/regentetelhas.com.br\/site\/wp-content\/uploads\/2022\/03\/cartoes3.png&#8221; title_text=&#8221;cartoes3&#8243; _builder_version=&#8221;4.9.4&#8243; _module_preset=&#8221;default&#8221;][\/et_pb_image][\/et_pb_column][\/et_pb_row][\/et_pb_section]<\/p>\n","protected":false},"excerpt":{"rendered":"<p>Telha de a\u00e7o trapezoidal com onda baixa e boa largura \u00fatil. Aplica-se em coberturas met\u00e1licas planas,\u00a0fechamentos laterais, fachadas de edif\u00edcios industriais, comerciais e residenciais, tanto na posi\u00e7\u00e3o vertical quanto na posi\u00e7\u00e3o horizontal, como sistema simples ou com isolamento termoac\u00fastico. Como pode ser montado invertido, com um \u00fanico perfil \u00e9 poss\u00edvel obter diferentes em um mesmo [&hellip;]<\/p>\n","protected":false},"author":1,"featured_media":0,"parent":0,"menu_order":0,"comment_status":"closed","ping_status":"closed","template":"","meta":{"_et_pb_use_builder":"on","_et_pb_old_content":"","_et_gb_content_width":""},"_links":{"self":[{"href":"https:\/\/regentetelhas.com.br\/site\/wp-json\/wp\/v2\/pages\/139"}],"collection":[{"href":"https:\/\/regentetelhas.com.br\/site\/wp-json\/wp\/v2\/pages"}],"about":[{"href":"https:\/\/regentetelhas.com.br\/site\/wp-json\/wp\/v2\/types\/page"}],"author":[{"embeddable":true,"href":"https:\/\/regentetelhas.com.br\/site\/wp-json\/wp\/v2\/users\/1"}],"replies":[{"embeddable":true,"href":"https:\/\/regentetelhas.com.br\/site\/wp-json\/wp\/v2\/comments?post=139"}],"version-history":[{"count":7,"href":"https:\/\/regentetelhas.com.br\/site\/wp-json\/wp\/v2\/pages\/139\/revisions"}],"predecessor-version":[{"id":241,"href":"https:\/\/regentetelhas.com.br\/site\/wp-json\/wp\/v2\/pages\/139\/revisions\/241"}],"wp:attachment":[{"href":"https:\/\/regentetelhas.com.br\/site\/wp-json\/wp\/v2\/media?parent=139"}],"curies":[{"name":"wp","href":"https:\/\/api.w.org\/{rel}","templated":true}]}}