{"id":121,"date":"2022-03-28T12:05:42","date_gmt":"2022-03-28T15:05:42","guid":{"rendered":"https:\/\/regentetelhas.com.br\/site\/?page_id=121"},"modified":"2024-07-21T11:27:52","modified_gmt":"2024-07-21T14:27:52","slug":"informacoes-uteis","status":"publish","type":"page","link":"https:\/\/regentetelhas.com.br\/site\/informacoes-uteis\/","title":{"rendered":"Informa\u00e7\u00f5es \u00dateis"},"content":{"rendered":"<p>[et_pb_section fb_built=&#8221;1&#8243; _builder_version=&#8221;4.16&#8243; _module_preset=&#8221;default&#8221; global_colors_info=&#8221;{}&#8221;][et_pb_row _builder_version=&#8221;4.16&#8243; _module_preset=&#8221;default&#8221; global_colors_info=&#8221;{}&#8221;][et_pb_column type=&#8221;4_4&#8243; _builder_version=&#8221;4.16&#8243; _module_preset=&#8221;default&#8221; global_colors_info=&#8221;{}&#8221;][et_pb_text _builder_version=&#8221;4.16&#8243; _module_preset=&#8221;default&#8221; text_font=&#8221;|700|||||||&#8221; text_font_size=&#8221;35px&#8221; global_colors_info=&#8221;{}&#8221;]<\/p>\n<p><strong>Informa\u00e7\u00f5es \u00dateis<\/strong><\/p>\n<p>[\/et_pb_text][\/et_pb_column][\/et_pb_row][et_pb_row use_custom_gutter=&#8221;on&#8221; gutter_width=&#8221;1&#8243; make_equal=&#8221;on&#8221; _builder_version=&#8221;4.16&#8243; _module_preset=&#8221;default&#8221; width=&#8221;100%&#8221; max_width=&#8221;1500px&#8221; global_colors_info=&#8221;{}&#8221;][et_pb_column type=&#8221;4_4&#8243; _builder_version=&#8221;4.16&#8243; _module_preset=&#8221;default&#8221; global_colors_info=&#8221;{}&#8221;][et_pb_image src=&#8221;https:\/\/regentetelhas.com.br\/site\/wp-content\/uploads\/2022\/03\/multidobra.png&#8221; title_text=&#8221;multidobra&#8221; force_fullwidth=&#8221;on&#8221; _builder_version=&#8221;4.16&#8243; _module_preset=&#8221;default&#8221; global_colors_info=&#8221;{}&#8221;][\/et_pb_image][\/et_pb_column][\/et_pb_row][et_pb_row _builder_version=&#8221;4.16&#8243; _module_preset=&#8221;default&#8221; global_colors_info=&#8221;{}&#8221;][et_pb_column type=&#8221;4_4&#8243; _builder_version=&#8221;4.16&#8243; _module_preset=&#8221;default&#8221; global_colors_info=&#8221;{}&#8221;][et_pb_text _builder_version=&#8221;4.19.5&#8243; _module_preset=&#8221;default&#8221; text_font_size=&#8221;17px&#8221; hover_enabled=&#8221;0&#8243; global_colors_info=&#8221;{}&#8221; sticky_enabled=&#8221;0&#8243; text_letter_spacing=&#8221;2px&#8221; text_line_height=&#8221;1.8em&#8221;]<\/p>\n<section id=\"sp-main-body\">\n<div class=\"container\">\n<div class=\"row\">\n<div id=\"sp-component\" class=\"col-sm-12 col-md-12\">\n<div class=\"sp-column \">\n<article class=\"item item-page\" itemscope=\"\" itemtype=\"http:\/\/schema.org\/Article\">\n<div itemprop=\"articleBody\">\n<p><strong>TRANSPORTE: O transporte das telhas de a\u00e7o \u00e9 simples. Mas existe algumas recomenda\u00e7\u00f5es, \u00fateis, tanto para o cliente final, quanto para a construtora, \u00e9 sempre recomendado o uso de caminh\u00f5es abertos (nunca fechados), pois os fabricantes de telhas de a\u00e7o trabalham com pontes-rolantes para a montagem da carga. A log\u00edstica de transporte dever\u00e1 ser definida antecipadamente, para que n\u00e3o se programe o recebimento em locais de dif\u00edcil acesso, visto que a manobra de caminh\u00f5es e carreta s\u00e3o muito restritas.<\/strong><\/p>\n<p><strong>RECEBIMENTO: Conferir e Verificar as quantidades de telhas, Utilizar o mesmo n\u00famero de pessoas em cima e embaixo no caminh\u00e3o para a descarga das telhas; N\u00e3o estoque as telhas molhadas, \u00e9 preciso enxugar primeiro, ao erguer-se uma telha, deve-se atentar para n\u00e3o for\u00e7ar, evitando deforma\u00e7\u00f5es do seu formato original e quando a descarga for feita manual, sempre usar luvas de prote\u00e7\u00e3o.<\/strong><\/p>\n<p><strong>ARMAZENAGEM: Mesmo que as telhas de a\u00e7o sejam projetadas para resistirem \u00e0s varia\u00e7\u00f5es clim\u00e1ticas, alguns cuidados especiais devem ser adotados durante seu armazenamento, isto \u00e9, antes de serem instaladas. O local de estocagem, dever\u00e1 ser coberto, seco e ventilado, para se evitar o fen\u00f4meno da corros\u00e3o galv\u00e2nica resultante da umidade.<\/strong><\/p>\n<p><strong>O tempo de armazenamento deve ser o menos poss\u00edvel, inferior a 45 dias, e durante o per\u00edodo deve-se inspecionar frequentemente o produto, ap\u00f3s a entrega, a montagem foi iniciada imediatamente, empilhe as telhas junto ao local da aplica\u00e7\u00e3o sobre uma superf\u00edcie plana. As telhas devem estar afastadas do piso no m\u00ednimo 15 cm e apoiadas sobre caibros posicionados de forma que o peso de cada pilha aja uniformemente sobre eles. Ser\u00e1 necess\u00e1rio dispor de caibros de forma que a pilha fique levemente inclinada em rela\u00e7\u00e3o \u00e0 horizontal, para o escoamento de eventual ac\u00famulo de umidade.<\/strong><\/p>\n<p><strong>MONTAGEM: Na hora da montagem, verifique a dire\u00e7\u00e3o do vento, monte as telhas no sentido contr\u00e1rio ao do vento e iniciando pelo beiral da cumeeira, se a obra tiver duas \u00e1guas opostas, a cobertura dever\u00e1 ser feita, simultaneamente, em ambos os lados, porque assim haver\u00e1 coincid\u00eancia dos trap\u00e9zios na cumeeira e \u00e9 recomendado a fixa\u00e7\u00e3o de 3 a 4 parafusos por telha, em cada uma das ter\u00e7as de apoio.<\/strong><\/p>\n<p><strong>\u00a0<\/strong><\/p>\n<p><strong>O QUE S\u00c3O TELHAS GALVALUME?<\/strong><\/p>\n<p><strong>As telhas galvalume s\u00e3o caracterizadas por um revestimento composto por 55% de alum\u00ednio, 43,5% de zinco e 1,5% de sil\u00edcio. Por sua composi\u00e7\u00e3o, esse tipo de telha tem uma dura\u00e7\u00e3o at\u00e9 quatro vezes maior que a telha galvanizada. Devido a isso, elas s\u00e3o indicadas para regi\u00f5es em que as condi\u00e7\u00f5es ambientais apresentam maiores risco de corros\u00e3o. Por exemplo, locais que apresentam altos \u00edndices de umidade e temperatura.<\/strong><\/p>\n<\/div>\n<\/article>\n<\/div>\n<\/div>\n<\/div>\n<\/div>\n<\/section>\n<p>[\/et_pb_text][\/et_pb_column][\/et_pb_row][\/et_pb_section]<\/p>\n","protected":false},"excerpt":{"rendered":"<p>Informa\u00e7\u00f5es \u00dateis TRANSPORTE: O transporte das telhas de a\u00e7o \u00e9 simples. Mas existe algumas recomenda\u00e7\u00f5es, \u00fateis, tanto para o cliente final, quanto para a construtora, \u00e9 sempre recomendado o uso de caminh\u00f5es abertos (nunca fechados), pois os fabricantes de telhas de a\u00e7o trabalham com pontes-rolantes para a montagem da carga. A log\u00edstica de transporte dever\u00e1 [&hellip;]<\/p>\n","protected":false},"author":1,"featured_media":0,"parent":0,"menu_order":0,"comment_status":"closed","ping_status":"closed","template":"","meta":{"_et_pb_use_builder":"on","_et_pb_old_content":"","_et_gb_content_width":""},"_links":{"self":[{"href":"https:\/\/regentetelhas.com.br\/site\/wp-json\/wp\/v2\/pages\/121"}],"collection":[{"href":"https:\/\/regentetelhas.com.br\/site\/wp-json\/wp\/v2\/pages"}],"about":[{"href":"https:\/\/regentetelhas.com.br\/site\/wp-json\/wp\/v2\/types\/page"}],"author":[{"embeddable":true,"href":"https:\/\/regentetelhas.com.br\/site\/wp-json\/wp\/v2\/users\/1"}],"replies":[{"embeddable":true,"href":"https:\/\/regentetelhas.com.br\/site\/wp-json\/wp\/v2\/comments?post=121"}],"version-history":[{"count":5,"href":"https:\/\/regentetelhas.com.br\/site\/wp-json\/wp\/v2\/pages\/121\/revisions"}],"predecessor-version":[{"id":315,"href":"https:\/\/regentetelhas.com.br\/site\/wp-json\/wp\/v2\/pages\/121\/revisions\/315"}],"wp:attachment":[{"href":"https:\/\/regentetelhas.com.br\/site\/wp-json\/wp\/v2\/media?parent=121"}],"curies":[{"name":"wp","href":"https:\/\/api.w.org\/{rel}","templated":true}]}}